{"id":56,"date":"2026-03-02T19:32:37","date_gmt":"2026-03-02T19:32:37","guid":{"rendered":"https:\/\/cirugiafutura.net\/index.php\/dr-rene-mendoza\/"},"modified":"2026-03-04T05:54:28","modified_gmt":"2026-03-04T05:54:28","slug":"dr-rene-mendoza","status":"publish","type":"page","link":"https:\/\/cirugiafutura.net\/index.php\/dr-rene-mendoza\/","title":{"rendered":"Dr. Rene Mendoza"},"content":{"rendered":"\n<div class=\"wp-block-group alignfull has-v-tertiary-primary-gradient-background has-background is-layout-constrained wp-container-core-group-is-layout-639b5052 wp-block-group-is-layout-constrained\" style=\"min-height:70vh;padding-top:0;padding-right:0;padding-bottom:0;padding-left:0\">\n<div style=\"height:5vh\" aria-hidden=\"true\" class=\"wp-block-spacer\"><\/div>\n\n\n\n<div class=\"wp-block-cover alignfull is-light has-contrast-color has-text-color\" style=\"min-height:65vh;aspect-ratio:unset;\"><img decoding=\"async\" class=\"wp-block-cover__image-background\" alt=\"\" src=\"https:\/\/cirugiafutura.net\/wp-content\/themes\/yith-wonder\/assets\/images\/demo-content\/orchid\/white-wave.svg\" style=\"object-position:50% 0%\" data-object-fit=\"cover\" data-object-position=\"50% 0%\"\/><span aria-hidden=\"true\" class=\"wp-block-cover__background has-background-dim-0 has-background-dim\"><\/span><div class=\"wp-block-cover__inner-container is-layout-constrained wp-block-cover-is-layout-constrained\">\n<div class=\"wp-block-columns are-vertically-aligned-center is-layout-flex wp-container-core-columns-is-layout-28f84493 wp-block-columns-is-layout-flex\">\n<div class=\"wp-block-column is-vertically-aligned-center is-layout-flow wp-block-column-is-layout-flow\" style=\"flex-basis:55%\">\n<p class=\"has-header-foreground-color has-text-color has-huge-font-size\" style=\"font-style:normal;font-weight:700\">Conoce al Dr. Rene Mendoza <\/p>\n\n\n\n<div style=\"height:10px\" aria-hidden=\"true\" class=\"wp-block-spacer\"><\/div>\n\n\n\n<div class=\"wp-block-group is-content-justification-left is-layout-constrained wp-container-core-group-is-layout-20f472fc wp-block-group-is-layout-constrained\">\n<p class=\"has-normal-font-size\" style=\"line-height:1.6\">Es un cirujano altamente calificado y con un extenso historial de \u00e9xitos. Como <strong>Doctor en Medicina y Cirug\u00eda, Especialista en Cirug\u00eda General, y con una especializaci\u00f3n adicional en Cirug\u00eda Digestiva y Laparosc\u00f3pica Avanzada<\/strong>, el Dr. Mendoza ha demostrado un compromiso constante con la excelencia m\u00e9dica.<\/p>\n\n\n\n<p>Adem\u00e1s, el Dr. Mendoza es un destacado <strong>Fellow del American College of Surgeons,<\/strong> y ha sido reconocido con diversos premios y distinciones en el campo de la cirug\u00eda. Su liderazgo en la comunidad m\u00e9dica se refleja en su papel como Presidente Nacional de la Sociedad Ecuatoriana de Cirug\u00eda durante el per\u00edodo 2021-2022 y como<strong> Presidente de la Sociedad Ecuatoriana de Cirug\u00eda, cap\u00edtulo Guayas, de 2019 a 2022. y actualmente hasta el 2028.<\/strong><\/p>\n\n\n\n<p class=\"has-normal-font-size\" style=\"line-height:1.6\">Con una membres\u00eda activa en sociedades m\u00e9dicas, como la Sociedad Ecuatoriana de Cirug\u00eda y la Sociedad Panamericana de Trauma, el Dr. Mendoza se destaca por su compromiso con la educaci\u00f3n continua y la mejora constante de su pr\u00e1ctica quir\u00fargica.<\/p>\n\n\n\n<div style=\"height:20px\" aria-hidden=\"true\" class=\"wp-block-spacer\"><\/div>\n\n\n\n<div class=\"wp-block-buttons is-layout-flex wp-block-buttons-is-layout-flex\">\n<div class=\"wp-block-button is-style-fill\"><a class=\"wp-block-button__link has-normal-font-size has-custom-font-size wp-element-button\" href=\"https:\/\/api.whatsapp.com\/send?phone=593999063560&amp;text=Dr.%20Ren%C3%A9%20Mendoza%20Merch%C3%A1n.%20Visit%C3%A9%20su%20Web%20Site.%20Quisiera%20agendar%20una%20consulta\" style=\"border-radius:50px;padding-top:1rem;padding-right:var(--wp--preset--spacing--70);padding-bottom:1rem;padding-left:var(--wp--preset--spacing--70);font-style:normal;font-weight:700;text-transform:uppercase\">aGENDAR UNA CITA M\u00c9DICA<\/a><\/div>\n<\/div>\n\n\n\n<div style=\"height:50px\" aria-hidden=\"true\" class=\"wp-block-spacer\"><\/div>\n<\/div>\n<\/div>\n\n\n\n<div class=\"wp-block-column is-vertically-aligned-center is-layout-flow wp-block-column-is-layout-flow\">\n<figure class=\"wp-block-image aligncenter size-full has-custom-border is-style-yith-wonder-image-with-shadow\"><img loading=\"lazy\" decoding=\"async\" width=\"500\" height=\"500\" src=\"https:\/\/cirugiafutura.net\/wp-content\/uploads\/2026\/03\/Dr-Rene-Mendoza-consulta.png\" alt=\"\" class=\"has-border-color wp-image-43\" style=\"border-color:#ffffff;border-width:8px;border-radius:50%;aspect-ratio:1;object-fit:cover\" srcset=\"https:\/\/cirugiafutura.net\/wp-content\/uploads\/2026\/03\/Dr-Rene-Mendoza-consulta.png 500w, https:\/\/cirugiafutura.net\/wp-content\/uploads\/2026\/03\/Dr-Rene-Mendoza-consulta-300x300.png 300w, https:\/\/cirugiafutura.net\/wp-content\/uploads\/2026\/03\/Dr-Rene-Mendoza-consulta-150x150.png 150w\" sizes=\"auto, (max-width: 500px) 100vw, 500px\" \/><\/figure>\n<\/div>\n<\/div>\n<\/div><\/div>\n<\/div>\n\n\n\n<div style=\"height:20px\" aria-hidden=\"true\" class=\"wp-block-spacer\"><\/div>\n\n\n\n<hr class=\"wp-block-separator has-text-color has-tertiary-color has-alpha-channel-opacity has-tertiary-background-color has-background is-style-yith-wonder-dashed-wide-separator\"\/>\n\n\n\n<div style=\"height:30px\" aria-hidden=\"true\" class=\"wp-block-spacer\"><\/div>\n\n\n\n<p>Explore nuestras \u00e1reas de especializaci\u00f3n en cirug\u00eda general y digestiva, donde combinamos tecnolog\u00eda avanzada, experiencia cl\u00ednica y un enfoque centrado en el paciente para ofrecer soluciones seguras, efectivas y personalizada.<\/p>\n\n\n\n<div class=\"wp-block-buttons is-content-justification-center is-layout-flex wp-container-core-buttons-is-layout-a89b3969 wp-block-buttons-is-layout-flex\">\n<div class=\"wp-block-button\"><a class=\"wp-block-button__link wp-element-button\" href=\"https:\/\/cirugiafutura.net\/index.php\/servicios\/cirugia-general\/\">CIRUG\u00cdA VES\u00cdCULA<\/a><\/div>\n\n\n\n<div class=\"wp-block-button\"><a class=\"wp-block-button__link wp-element-button\" href=\"https:\/\/cirugiafutura.net\/index.php\/servicios\/cirugia-de-hernias\/\">CIRUG\u00cdA HERNIAS<\/a><\/div>\n\n\n\n<div class=\"wp-block-button\"><a class=\"wp-block-button__link wp-element-button\" href=\"https:\/\/cirugiafutura.net\/index.php\/servicios\/cirugia-abdominal-avanzada\/\">CIRUG\u00cdA ABDOMINAL<\/a><\/div>\n\n\n\n<div class=\"wp-block-button\"><a class=\"wp-block-button__link wp-element-button\" href=\"https:\/\/cirugiafutura.net\/index.php\/cirugia-digestiva\/\">CIRUG\u00cdA DIGESTIVA<\/a><\/div>\n\n\n\n<div class=\"wp-block-button\"><a class=\"wp-block-button__link wp-element-button\" href=\"https:\/\/cirugiafutura.net\/index.php\/servicios\/cirugia-de-trauma-y-emergencia\/\">CIRUG\u00cdA TRAUMA <\/a><\/div>\n\n\n\n<div class=\"wp-block-button\"><a class=\"wp-block-button__link wp-element-button\" href=\"https:\/\/vivasinobesidad.net\/\">VIVA SIN OBESIDAD<\/a><\/div>\n<\/div>\n\n\n\n<p><\/p>\n","protected":false},"excerpt":{"rendered":"<p>Explore nuestras \u00e1reas de especializaci\u00f3n en cirug\u00eda general y digestiva, donde combinamos tecnolog\u00eda avanzada, experiencia cl\u00ednica y un enfoque centrado en el paciente para ofrecer soluciones seguras, efectivas y personalizada.<\/p>\n","protected":false},"author":1,"featured_media":0,"parent":0,"menu_order":0,"comment_status":"closed","ping_status":"closed","template":"","meta":{"footnotes":""},"class_list":["post-56","page","type-page","status-publish","hentry"],"_links":{"self":[{"href":"https:\/\/cirugiafutura.net\/index.php\/wp-json\/wp\/v2\/pages\/56","targetHints":{"allow":["GET"]}}],"collection":[{"href":"https:\/\/cirugiafutura.net\/index.php\/wp-json\/wp\/v2\/pages"}],"about":[{"href":"https:\/\/cirugiafutura.net\/index.php\/wp-json\/wp\/v2\/types\/page"}],"author":[{"embeddable":true,"href":"https:\/\/cirugiafutura.net\/index.php\/wp-json\/wp\/v2\/users\/1"}],"replies":[{"embeddable":true,"href":"https:\/\/cirugiafutura.net\/index.php\/wp-json\/wp\/v2\/comments?post=56"}],"version-history":[{"count":13,"href":"https:\/\/cirugiafutura.net\/index.php\/wp-json\/wp\/v2\/pages\/56\/revisions"}],"predecessor-version":[{"id":216,"href":"https:\/\/cirugiafutura.net\/index.php\/wp-json\/wp\/v2\/pages\/56\/revisions\/216"}],"wp:attachment":[{"href":"https:\/\/cirugiafutura.net\/index.php\/wp-json\/wp\/v2\/media?parent=56"}],"curies":[{"name":"wp","href":"https:\/\/api.w.org\/{rel}","templated":true}]}}