{"id":37,"date":"2026-03-02T18:30:57","date_gmt":"2026-03-02T18:30:57","guid":{"rendered":"https:\/\/cirugiafutura.net\/index.php\/cirugia-general\/"},"modified":"2026-03-04T15:02:45","modified_gmt":"2026-03-04T15:02:45","slug":"cirugia-general","status":"publish","type":"page","link":"https:\/\/cirugiafutura.net\/index.php\/servicios\/cirugia-general\/","title":{"rendered":"Cirug\u00eda de Ves\u00edcula y V\u00edas Biliares"},"content":{"rendered":"\n<div class=\"wp-block-group alignfull is-layout-flow wp-container-core-group-is-layout-d6743c7d wp-block-group-is-layout-flow\">\n<div class=\"wp-block-group alignfull has-header-foreground-color has-header-background-background-color has-text-color has-background is-layout-constrained wp-container-core-group-is-layout-89ae1b9e wp-block-group-is-layout-constrained\" style=\"padding-top:0px;padding-bottom:0px\">\n<div style=\"height:50px\" aria-hidden=\"true\" class=\"wp-block-spacer\"><\/div>\n\n\n\n<div class=\"wp-block-columns is-layout-flex wp-container-core-columns-is-layout-d9fa6a0d wp-block-columns-is-layout-flex\">\n<div class=\"wp-block-column is-vertically-aligned-center is-layout-flow wp-block-column-is-layout-flow\" style=\"flex-basis:40%\">\n<h2 class=\"wp-block-heading has-header-titles-color has-text-color has-huge-font-size\" style=\"font-style:normal;font-weight:600\">CIRUG\u00cdA DE VES\u00cdCULA Y V\u00cdAS BILIARES<\/h2>\n\n\n\n<p style=\"font-style:normal;font-weight:500\"><strong>Tratamiento definitivo para c\u00e1lculos biliares y dolor abdominal recurrente.<\/strong><br>Se elimina el dolor, evita infecciones y previene complicaciones graves<\/p>\n\n\n\n<div style=\"height:20px\" aria-hidden=\"true\" class=\"wp-block-spacer\"><\/div>\n\n\n\n<div class=\"wp-block-buttons is-layout-flex wp-block-buttons-is-layout-flex\">\n<div class=\"wp-block-button\"><a class=\"wp-block-button__link has-normal-font-size has-custom-font-size wp-element-button\" href=\"https:\/\/api.whatsapp.com\/send?phone=593999063560&amp;text=Dr.%20Ren%C3%A9%20Mendoza%20Merch%C3%A1n.%20Visit%C3%A9%20su%20Web%20Site.%20Quisiera%20cotizar%20una%cirugia%20vesicula\" style=\"padding-top:var(--wp--preset--spacing--20);padding-right:var(--wp--preset--spacing--50);padding-bottom:var(--wp--preset--spacing--20);padding-left:var(--wp--preset--spacing--50)\"><strong>A<\/strong>gendar Valoraci\u00f3n<\/a><\/div>\n<\/div>\n<\/div>\n\n\n\n<div class=\"wp-block-column is-vertically-aligned-bottom is-layout-flow wp-block-column-is-layout-flow\" style=\"flex-basis:60%\">\n<figure class=\"wp-block-image size-large is-style-default\"><img loading=\"lazy\" decoding=\"async\" width=\"1024\" height=\"683\" src=\"https:\/\/cirugiafutura.net\/wp-content\/uploads\/2026\/03\/bILIAR-1024x683.png\" alt=\"\" class=\"wp-image-181\" srcset=\"https:\/\/cirugiafutura.net\/wp-content\/uploads\/2026\/03\/bILIAR-1024x683.png 1024w, https:\/\/cirugiafutura.net\/wp-content\/uploads\/2026\/03\/bILIAR-300x200.png 300w, https:\/\/cirugiafutura.net\/wp-content\/uploads\/2026\/03\/bILIAR-768x512.png 768w, https:\/\/cirugiafutura.net\/wp-content\/uploads\/2026\/03\/bILIAR.png 1536w\" sizes=\"auto, (max-width: 1024px) 100vw, 1024px\" \/><\/figure>\n<\/div>\n<\/div>\n<\/div>\n\n\n\n<div class=\"wp-block-columns alignfull is-layout-flex wp-container-core-columns-is-layout-d2ca7aa4 wp-block-columns-is-layout-flex\">\n<div class=\"wp-block-column is-layout-flow wp-block-column-is-layout-flow\">\n<div class=\"wp-block-cover aligncenter is-light\" style=\"min-height:100%;aspect-ratio:unset;\"><img loading=\"lazy\" decoding=\"async\" width=\"1024\" height=\"683\" class=\"wp-block-cover__image-background wp-image-222 size-large\" alt=\"\" src=\"https:\/\/cirugiafutura.net\/wp-content\/uploads\/2026\/03\/CV_Colecistectomia_laparoscopica-1024x683.png\" data-object-fit=\"cover\" srcset=\"https:\/\/cirugiafutura.net\/wp-content\/uploads\/2026\/03\/CV_Colecistectomia_laparoscopica-1024x683.png 1024w, https:\/\/cirugiafutura.net\/wp-content\/uploads\/2026\/03\/CV_Colecistectomia_laparoscopica-300x200.png 300w, https:\/\/cirugiafutura.net\/wp-content\/uploads\/2026\/03\/CV_Colecistectomia_laparoscopica-768x512.png 768w, https:\/\/cirugiafutura.net\/wp-content\/uploads\/2026\/03\/CV_Colecistectomia_laparoscopica.png 1536w\" sizes=\"auto, (max-width: 1024px) 100vw, 1024px\" \/><span aria-hidden=\"true\" class=\"wp-block-cover__background has-background-dim-0 has-background-dim\" style=\"background-color:#92a7c0\"><\/span><div class=\"wp-block-cover__inner-container is-layout-flow wp-block-cover-is-layout-flow\">\n<p class=\"has-text-align-center has-large-font-size\"><\/p>\n<\/div><\/div>\n<\/div>\n\n\n\n<div class=\"wp-block-column is-vertically-aligned-center is-layout-constrained wp-container-core-column-is-layout-186d3446 wp-block-column-is-layout-constrained\">\n<div style=\"height:100px\" aria-hidden=\"true\" class=\"wp-block-spacer\"><\/div>\n\n\n\n<h3 class=\"wp-block-heading has-primary-color has-text-color has-large-font-size\"><strong>Colecistectom\u00eda laparosc\u00f3pica<\/strong><\/h3>\n\n\n\n<p>Extirpaci\u00f3n de la ves\u00edcula cuando hay c\u00e1lculos o inflamaci\u00f3n. Ayuda a eliminar dolor intenso despu\u00e9s de comidas y evita urgencias futuras.<\/p>\n\n\n\n<div style=\"height:20px\" aria-hidden=\"true\" class=\"wp-block-spacer\"><\/div>\n\n\n\n<div class=\"wp-block-buttons is-layout-flex wp-block-buttons-is-layout-flex\">\n<div class=\"wp-block-button\"><a class=\"wp-block-button__link wp-element-button\" href=\"https:\/\/api.whatsapp.com\/send?phone=593999063560&amp;text=Dr.%20Ren%C3%A9%20Mendoza%20Merch%C3%A1n.%20Visit%C3%A9%20su%20Web%20Site.%20Quisiera%20cotizar%20una%20colecistectomia%20laparoscopica\" style=\"padding-top:var(--wp--preset--spacing--20);padding-right:var(--wp--preset--spacing--40);padding-bottom:var(--wp--preset--spacing--20);padding-left:var(--wp--preset--spacing--40)\">Cotizar<\/a><\/div>\n<\/div>\n\n\n\n<div style=\"height:100px\" aria-hidden=\"true\" class=\"wp-block-spacer\"><\/div>\n<\/div>\n<\/div>\n\n\n\n<div class=\"wp-block-columns alignfull is-layout-flex wp-container-core-columns-is-layout-d2ca7aa4 wp-block-columns-is-layout-flex\">\n<div class=\"wp-block-column is-vertically-aligned-center is-layout-constrained wp-container-core-column-is-layout-186d3446 wp-block-column-is-layout-constrained\">\n<div style=\"height:100px\" aria-hidden=\"true\" class=\"wp-block-spacer\"><\/div>\n\n\n\n<h3 class=\"wp-block-heading has-primary-color has-text-color has-large-font-size\"><strong>Manejo de c\u00e1lculos biliares complicados<\/strong><\/h3>\n\n\n\n<p style=\"line-height:2\">Tratamiento quir\u00fargico cuando existen infecciones o bloqueo de v\u00edas biliares.<\/p>\n\n\n\n<div style=\"height:20px\" aria-hidden=\"true\" class=\"wp-block-spacer\"><\/div>\n\n\n\n<div class=\"wp-block-buttons is-layout-flex wp-block-buttons-is-layout-flex\">\n<div class=\"wp-block-button\"><a class=\"wp-block-button__link wp-element-button\" href=\"https:\/\/api.whatsapp.com\/send?phone=593999063560&amp;text=Dr.%20Ren%C3%A9%20Mendoza%20Merch%C3%A1n.%20Visit%C3%A9%20su%20Web%20Site.%20Quisiera%20cotizar%20tratamiento%20calculos\" style=\"padding-top:var(--wp--preset--spacing--20);padding-right:var(--wp--preset--spacing--40);padding-bottom:var(--wp--preset--spacing--20);padding-left:var(--wp--preset--spacing--40)\"><strong>C<\/strong>OTIZAR<\/a><\/div>\n<\/div>\n\n\n\n<div style=\"height:100px\" aria-hidden=\"true\" class=\"wp-block-spacer\"><\/div>\n<\/div>\n\n\n\n<div class=\"wp-block-column is-layout-flow wp-block-column-is-layout-flow\">\n<div class=\"wp-block-cover aligncenter is-light\" style=\"min-height:100%;aspect-ratio:unset;\"><img loading=\"lazy\" decoding=\"async\" width=\"1024\" height=\"683\" class=\"wp-block-cover__image-background wp-image-224 size-large\" alt=\"\" src=\"https:\/\/cirugiafutura.net\/wp-content\/uploads\/2026\/03\/CV_Calculos_biliares-1024x683.png\" data-object-fit=\"cover\" srcset=\"https:\/\/cirugiafutura.net\/wp-content\/uploads\/2026\/03\/CV_Calculos_biliares-1024x683.png 1024w, https:\/\/cirugiafutura.net\/wp-content\/uploads\/2026\/03\/CV_Calculos_biliares-300x200.png 300w, https:\/\/cirugiafutura.net\/wp-content\/uploads\/2026\/03\/CV_Calculos_biliares-768x512.png 768w, https:\/\/cirugiafutura.net\/wp-content\/uploads\/2026\/03\/CV_Calculos_biliares.png 1536w\" sizes=\"auto, (max-width: 1024px) 100vw, 1024px\" \/><span aria-hidden=\"true\" class=\"wp-block-cover__background has-background-dim-0 has-background-dim\" style=\"background-color:#99a3b6\"><\/span><div class=\"wp-block-cover__inner-container is-layout-flow wp-block-cover-is-layout-flow\">\n<p class=\"has-text-align-center has-large-font-size\"><\/p>\n<\/div><\/div>\n<\/div>\n<\/div>\n<\/div>\n\n\n\n<div style=\"height:100px\" aria-hidden=\"true\" class=\"wp-block-spacer\"><\/div>\n\n\n\n<div class=\"wp-block-columns has-2-columns is-layout-flex wp-container-core-columns-is-layout-28f84493 wp-block-columns-is-layout-flex\">\n<div class=\"wp-block-column animate-fade-right is-layout-constrained wp-block-column-is-layout-constrained\" style=\"flex-basis:34%\">\n<div class=\"wp-block-cover is-light\"><span aria-hidden=\"true\" class=\"wp-block-cover__background has-background-dim-100 has-background-dim\" style=\"background-color:#f0f0f0\"><\/span><div class=\"wp-block-cover__inner-container is-layout-flow wp-block-cover-is-layout-flow\">\n<div class=\"wp-block-group is-layout-flow wp-container-core-group-is-layout-47e5a185 wp-block-group-is-layout-flow\">\n<figure class=\"wp-block-image size-large is-resized\"><img loading=\"lazy\" decoding=\"async\" width=\"1024\" height=\"575\" src=\"https:\/\/cirugiafutura.net\/wp-content\/uploads\/2026\/03\/Operando-1024x575.png\" alt=\"\" class=\"wp-image-131\" srcset=\"https:\/\/cirugiafutura.net\/wp-content\/uploads\/2026\/03\/Operando-1024x575.png 1024w, https:\/\/cirugiafutura.net\/wp-content\/uploads\/2026\/03\/Operando-300x168.png 300w, https:\/\/cirugiafutura.net\/wp-content\/uploads\/2026\/03\/Operando-768x431.png 768w, https:\/\/cirugiafutura.net\/wp-content\/uploads\/2026\/03\/Operando.png 1536w\" sizes=\"auto, (max-width: 1024px) 100vw, 1024px\" \/><\/figure>\n\n\n\n<p class=\"has-text-align-center has-very-dark-gray-color has-text-color\">Consulta donde opera el Dr. Rene Mendoza Merch\u00e1n<\/p>\n<\/div>\n<\/div><\/div>\n<\/div>\n\n\n\n<div class=\"wp-block-column animate-fade-left is-layout-constrained wp-block-column-is-layout-constrained\" style=\"flex-basis:66%\">\n<div class=\"wp-block-cover\" style=\"min-height:100%;aspect-ratio:unset;\"><img loading=\"lazy\" decoding=\"async\" width=\"1024\" height=\"469\" class=\"wp-block-cover__image-background wp-image-133 size-large\" alt=\"\" src=\"https:\/\/cirugiafutura.net\/wp-content\/uploads\/2026\/03\/clinicas-1024x469.png\" data-object-fit=\"cover\" srcset=\"https:\/\/cirugiafutura.net\/wp-content\/uploads\/2026\/03\/clinicas-1024x469.png 1024w, https:\/\/cirugiafutura.net\/wp-content\/uploads\/2026\/03\/clinicas-300x137.png 300w, https:\/\/cirugiafutura.net\/wp-content\/uploads\/2026\/03\/clinicas-768x352.png 768w, https:\/\/cirugiafutura.net\/wp-content\/uploads\/2026\/03\/clinicas.png 1536w\" sizes=\"auto, (max-width: 1024px) 100vw, 1024px\" \/><span aria-hidden=\"true\" class=\"wp-block-cover__background has-primary-background-color has-background-dim-80 has-background-dim\"><\/span><div class=\"wp-block-cover__inner-container is-layout-flow wp-block-cover-is-layout-flow\">\n<div class=\"wp-block-group is-layout-flow wp-block-group-is-layout-flow\">\n<p class=\"has-text-align-center has-base-color has-text-color\" style=\"font-size:clamp(28.836px, 1.802rem + ((1vw - 3.2px) * 1.43), 50px);px;font-style:normal;font-weight:700;line-height:1.2\"><strong>PREGUNTE POR NUESTROS PLANES EN LAS MEJORES CL\u00cdNICAS DE LA CIUDAD<\/strong><\/p>\n\n\n\n<p class=\"has-text-align-center has-base-color has-text-color\" style=\"font-size:clamp(14px, 0.875rem + ((1vw - 3.2px) * 0.27), 18px);px\">Y CONSULTE SI APLICA CON SU SEGURO PRIVADO.<\/p>\n<\/div>\n<\/div><\/div>\n<\/div>\n<\/div>\n\n\n\n<div style=\"height:100px\" aria-hidden=\"true\" class=\"wp-block-spacer\"><\/div>\n\n\n\n<div class=\"wp-block-cover alignfull\" style=\"padding-top:var(--wp--preset--spacing--80);padding-right:var(--wp--preset--spacing--80);padding-bottom:0px;padding-left:var(--wp--preset--spacing--80)\"><img decoding=\"async\" class=\"wp-block-cover__image-background\" alt=\"\" src=\"https:\/\/cirugiafutura.net\/wp-content\/themes\/yith-wonder\/assets\/images\/demo-content\/home-1\/testimonials-bg.jpg\" data-object-fit=\"cover\"\/><span aria-hidden=\"true\" class=\"wp-block-cover__background has-primary-background-color has-background-dim-80 has-background-dim\"><\/span><div class=\"wp-block-cover__inner-container is-layout-flow wp-block-cover-is-layout-flow\">\n<div class=\"wp-block-group is-layout-constrained wp-block-group-is-layout-constrained\">\n<div class=\"wp-block-media-text alignwide has-media-on-the-right is-stacked-on-mobile\"><div class=\"wp-block-media-text__content\">\n<p class=\"has-x-large-font-size\" style=\"font-style:normal;font-weight:700\">\u201cEl dolor por c\u00e1lculos biliares no debe convertirse en una urgencia. Una intervenci\u00f3n adecuada y a tiempo permite evitar complicaciones y recuperar su bienestar r\u00e1pidamente.\u201d<\/p>\n\n\n\n<div style=\"height:50px\" aria-hidden=\"true\" class=\"wp-block-spacer\"><\/div>\n\n\n\n<p>Dr. Ren\u00e9 Mendoza Merch\u00e1n<\/p>\n\n\n\n<p>CIRUJANO<\/p>\n<\/div><figure class=\"wp-block-media-text__media\"><img loading=\"lazy\" decoding=\"async\" width=\"692\" height=\"1024\" src=\"https:\/\/cirugiafutura.net\/wp-content\/uploads\/2026\/03\/RENE-CIRUJANO-1-692x1024.png\" alt=\"\" class=\"wp-image-124 size-full\" srcset=\"https:\/\/cirugiafutura.net\/wp-content\/uploads\/2026\/03\/RENE-CIRUJANO-1-692x1024.png 692w, https:\/\/cirugiafutura.net\/wp-content\/uploads\/2026\/03\/RENE-CIRUJANO-1-203x300.png 203w, https:\/\/cirugiafutura.net\/wp-content\/uploads\/2026\/03\/RENE-CIRUJANO-1-768x1137.png 768w, https:\/\/cirugiafutura.net\/wp-content\/uploads\/2026\/03\/RENE-CIRUJANO-1.png 1024w\" sizes=\"auto, (max-width: 692px) 100vw, 692px\" \/><\/figure><\/div>\n\n\n<\/div>\n<\/div><\/div>\n\n\n\n<div style=\"height:150px\" aria-hidden=\"true\" class=\"wp-block-spacer\"><\/div>\n\n\n\n<p><\/p>\n","protected":false},"excerpt":{"rendered":"<p>CIRUG\u00cdA DE VES\u00cdCULA Y V\u00cdAS BILIARES Tratamiento definitivo para c\u00e1lculos biliares y dolor abdominal recurrente.Se elimina el dolor, evita infecciones y previene complicaciones graves Colecistectom\u00eda laparosc\u00f3pica Extirpaci\u00f3n de la ves\u00edcula cuando hay c\u00e1lculos o inflamaci\u00f3n. Ayuda a eliminar dolor intenso despu\u00e9s de comidas y evita urgencias futuras. Manejo de c\u00e1lculos biliares complicados Tratamiento quir\u00fargico cuando [&hellip;]<\/p>\n","protected":false},"author":1,"featured_media":0,"parent":34,"menu_order":0,"comment_status":"closed","ping_status":"closed","template":"","meta":{"footnotes":""},"class_list":["post-37","page","type-page","status-publish","hentry"],"_links":{"self":[{"href":"https:\/\/cirugiafutura.net\/index.php\/wp-json\/wp\/v2\/pages\/37","targetHints":{"allow":["GET"]}}],"collection":[{"href":"https:\/\/cirugiafutura.net\/index.php\/wp-json\/wp\/v2\/pages"}],"about":[{"href":"https:\/\/cirugiafutura.net\/index.php\/wp-json\/wp\/v2\/types\/page"}],"author":[{"embeddable":true,"href":"https:\/\/cirugiafutura.net\/index.php\/wp-json\/wp\/v2\/users\/1"}],"replies":[{"embeddable":true,"href":"https:\/\/cirugiafutura.net\/index.php\/wp-json\/wp\/v2\/comments?post=37"}],"version-history":[{"count":13,"href":"https:\/\/cirugiafutura.net\/index.php\/wp-json\/wp\/v2\/pages\/37\/revisions"}],"predecessor-version":[{"id":225,"href":"https:\/\/cirugiafutura.net\/index.php\/wp-json\/wp\/v2\/pages\/37\/revisions\/225"}],"up":[{"embeddable":true,"href":"https:\/\/cirugiafutura.net\/index.php\/wp-json\/wp\/v2\/pages\/34"}],"wp:attachment":[{"href":"https:\/\/cirugiafutura.net\/index.php\/wp-json\/wp\/v2\/media?parent=37"}],"curies":[{"name":"wp","href":"https:\/\/api.w.org\/{rel}","templated":true}]}}