{"id":36,"date":"2026-03-02T18:29:50","date_gmt":"2026-03-02T18:29:50","guid":{"rendered":"https:\/\/cirugiafutura.net\/index.php\/cirugia-digestiva\/"},"modified":"2026-03-04T16:35:11","modified_gmt":"2026-03-04T16:35:11","slug":"cirugia-digestiva","status":"publish","type":"page","link":"https:\/\/cirugiafutura.net\/index.php\/servicios\/cirugia-digestiva\/","title":{"rendered":"Cirug\u00eda Digestiva"},"content":{"rendered":"\n<div class=\"wp-block-group alignfull is-layout-flow wp-container-core-group-is-layout-d6743c7d wp-block-group-is-layout-flow\">\n<div class=\"wp-block-group alignfull has-header-foreground-color has-header-background-background-color has-text-color has-background is-layout-constrained wp-container-core-group-is-layout-89ae1b9e wp-block-group-is-layout-constrained\" style=\"padding-top:0px;padding-bottom:0px\">\n<div style=\"height:50px\" aria-hidden=\"true\" class=\"wp-block-spacer\"><\/div>\n\n\n\n<div class=\"wp-block-columns is-layout-flex wp-container-core-columns-is-layout-d9fa6a0d wp-block-columns-is-layout-flex\">\n<div class=\"wp-block-column is-vertically-aligned-center is-layout-flow wp-block-column-is-layout-flow\" style=\"flex-basis:40%\">\n<h2 class=\"wp-block-heading has-header-titles-color has-text-color has-huge-font-size\" style=\"font-style:normal;font-weight:600\">CIRUG\u00cdA DIGESTIVA Y METAB\u00d3LICA<\/h2>\n\n\n\n<p><strong>Procedimientos enfocados en enfermedades asociadas al metabolismo y trastornos digestivos complejos.<\/strong><br>Con nosotros el paciente mejora su salud integral, controla enfermedades cr\u00f3nicas y previene complicaciones futuras.<\/p>\n\n\n\n<div style=\"height:20px\" aria-hidden=\"true\" class=\"wp-block-spacer\"><\/div>\n\n\n\n<div class=\"wp-block-buttons is-layout-flex wp-block-buttons-is-layout-flex\">\n<div class=\"wp-block-button\"><a class=\"wp-block-button__link has-normal-font-size has-custom-font-size wp-element-button\" href=\"https:\/\/api.whatsapp.com\/send?phone=593999063560&amp;text=Dr.%20Ren%C3%A9%20Mendoza%20Merch%C3%A1n.%20Visit%C3%A9%20su%20Web%20Site.%20Quisiera%20valoracion%20cirugia%gastrica\" style=\"padding-top:var(--wp--preset--spacing--20);padding-right:var(--wp--preset--spacing--50);padding-bottom:var(--wp--preset--spacing--20);padding-left:var(--wp--preset--spacing--50)\"><strong>A<\/strong>GENDE SU VALORACI\u00d3N<\/a><\/div>\n<\/div>\n<\/div>\n\n\n\n<div class=\"wp-block-column is-vertically-aligned-bottom is-layout-flow wp-block-column-is-layout-flow\" style=\"flex-basis:60%\">\n<figure class=\"wp-block-image size-large is-style-default\"><img loading=\"lazy\" decoding=\"async\" width=\"1024\" height=\"683\" src=\"https:\/\/cirugiafutura.net\/wp-content\/uploads\/2026\/03\/CIRUGIA-DIGESTIVA-1024x683.png\" alt=\"\" class=\"wp-image-126\" srcset=\"https:\/\/cirugiafutura.net\/wp-content\/uploads\/2026\/03\/CIRUGIA-DIGESTIVA-1024x683.png 1024w, https:\/\/cirugiafutura.net\/wp-content\/uploads\/2026\/03\/CIRUGIA-DIGESTIVA-300x200.png 300w, https:\/\/cirugiafutura.net\/wp-content\/uploads\/2026\/03\/CIRUGIA-DIGESTIVA-768x512.png 768w, https:\/\/cirugiafutura.net\/wp-content\/uploads\/2026\/03\/CIRUGIA-DIGESTIVA.png 1536w\" sizes=\"auto, (max-width: 1024px) 100vw, 1024px\" \/><\/figure>\n<\/div>\n<\/div>\n<\/div>\n\n\n\n<div class=\"wp-block-columns alignfull is-layout-flex wp-container-core-columns-is-layout-d2ca7aa4 wp-block-columns-is-layout-flex\">\n<div class=\"wp-block-column is-layout-flow wp-block-column-is-layout-flow\">\n<div class=\"wp-block-cover aligncenter is-light\" style=\"min-height:100%;aspect-ratio:unset;\"><img loading=\"lazy\" decoding=\"async\" width=\"1024\" height=\"683\" class=\"wp-block-cover__image-background wp-image-240 size-large\" alt=\"\" src=\"https:\/\/cirugiafutura.net\/wp-content\/uploads\/2026\/03\/CD_manga_gastrica-1024x683.png\" data-object-fit=\"cover\" srcset=\"https:\/\/cirugiafutura.net\/wp-content\/uploads\/2026\/03\/CD_manga_gastrica-1024x683.png 1024w, https:\/\/cirugiafutura.net\/wp-content\/uploads\/2026\/03\/CD_manga_gastrica-300x200.png 300w, https:\/\/cirugiafutura.net\/wp-content\/uploads\/2026\/03\/CD_manga_gastrica-768x512.png 768w, https:\/\/cirugiafutura.net\/wp-content\/uploads\/2026\/03\/CD_manga_gastrica.png 1536w\" sizes=\"auto, (max-width: 1024px) 100vw, 1024px\" \/><span aria-hidden=\"true\" class=\"wp-block-cover__background has-background-dim-0 has-background-dim\" style=\"background-color:#9098b6\"><\/span><div class=\"wp-block-cover__inner-container is-layout-flow wp-block-cover-is-layout-flow\">\n<p class=\"has-text-align-center has-large-font-size\"><\/p>\n<\/div><\/div>\n<\/div>\n\n\n\n<div class=\"wp-block-column is-vertically-aligned-center is-layout-constrained wp-container-core-column-is-layout-186d3446 wp-block-column-is-layout-constrained\">\n<div style=\"height:100px\" aria-hidden=\"true\" class=\"wp-block-spacer\"><\/div>\n\n\n\n<h3 class=\"wp-block-heading has-primary-color has-text-color has-large-font-size\">Manga G\u00e1strica<\/h3>\n\n\n\n<p style=\"line-height:2\">Reduce el tama\u00f1o del est\u00f3mago para lograr p\u00e9rdida de peso significativa. Ayuda a controlar hipertensi\u00f3n, diabetes y apnea del sue\u00f1o.<\/p>\n\n\n\n<div style=\"height:20px\" aria-hidden=\"true\" class=\"wp-block-spacer\"><\/div>\n\n\n\n<div class=\"wp-block-buttons is-layout-flex wp-block-buttons-is-layout-flex\">\n<div class=\"wp-block-button\"><a class=\"wp-block-button__link wp-element-button\" href=\"https:\/\/api.whatsapp.com\/send?phone=593999063560&amp;text=Dr.%20Ren%C3%A9%20Mendoza%20Merch%C3%A1n.%20Visit%C3%A9%20su%20Web%20Site.%20Quisiera%20cotizar%20una%20manga%20gastrica\" style=\"padding-top:var(--wp--preset--spacing--20);padding-right:var(--wp--preset--spacing--40);padding-bottom:var(--wp--preset--spacing--20);padding-left:var(--wp--preset--spacing--40)\"><strong>Cotizar<\/strong><\/a><\/div>\n<\/div>\n\n\n\n<div style=\"height:100px\" aria-hidden=\"true\" class=\"wp-block-spacer\"><\/div>\n<\/div>\n<\/div>\n\n\n\n<div class=\"wp-block-columns alignfull is-layout-flex wp-container-core-columns-is-layout-d2ca7aa4 wp-block-columns-is-layout-flex\">\n<div class=\"wp-block-column is-vertically-aligned-center is-layout-constrained wp-container-core-column-is-layout-186d3446 wp-block-column-is-layout-constrained\">\n<div style=\"height:100px\" aria-hidden=\"true\" class=\"wp-block-spacer\"><\/div>\n\n\n\n<h3 class=\"wp-block-heading has-primary-color has-text-color has-large-font-size\">Cirug\u00eda Bariatrica<\/h3>\n\n\n\n<p style=\"line-height:2\">Conjunto de procedimientos para tratar obesidad severa cuando dieta y ejercicio no son suficientes.<\/p>\n\n\n\n<div style=\"height:20px\" aria-hidden=\"true\" class=\"wp-block-spacer\"><\/div>\n\n\n\n<div class=\"wp-block-buttons is-layout-flex wp-block-buttons-is-layout-flex\">\n<div class=\"wp-block-button\"><a class=\"wp-block-button__link wp-element-button\" href=\"https:\/\/api.whatsapp.com\/send?phone=593999063560&amp;text=Dr.%20Ren%C3%A9%20Mendoza%20Merch%C3%A1n.%20Visit%C3%A9%20su%20Web%20Site.%20Quisiera%20cotizar%20una%20bariatrica\" style=\"padding-top:var(--wp--preset--spacing--20);padding-right:var(--wp--preset--spacing--40);padding-bottom:var(--wp--preset--spacing--20);padding-left:var(--wp--preset--spacing--40)\"><strong>Cotizar<\/strong><\/a><\/div>\n<\/div>\n\n\n\n<div style=\"height:100px\" aria-hidden=\"true\" class=\"wp-block-spacer\"><\/div>\n<\/div>\n\n\n\n<div class=\"wp-block-column is-layout-flow wp-block-column-is-layout-flow\">\n<div class=\"wp-block-cover aligncenter is-light\" style=\"min-height:100%;aspect-ratio:unset;\"><img loading=\"lazy\" decoding=\"async\" width=\"1024\" height=\"683\" class=\"wp-block-cover__image-background wp-image-242 size-large\" alt=\"\" src=\"https:\/\/cirugiafutura.net\/wp-content\/uploads\/2026\/03\/CD_Bypass_gastrico_y-1024x683.png\" data-object-fit=\"cover\" srcset=\"https:\/\/cirugiafutura.net\/wp-content\/uploads\/2026\/03\/CD_Bypass_gastrico_y-1024x683.png 1024w, https:\/\/cirugiafutura.net\/wp-content\/uploads\/2026\/03\/CD_Bypass_gastrico_y-300x200.png 300w, https:\/\/cirugiafutura.net\/wp-content\/uploads\/2026\/03\/CD_Bypass_gastrico_y-768x512.png 768w, https:\/\/cirugiafutura.net\/wp-content\/uploads\/2026\/03\/CD_Bypass_gastrico_y.png 1536w\" sizes=\"auto, (max-width: 1024px) 100vw, 1024px\" \/><span aria-hidden=\"true\" class=\"wp-block-cover__background has-background-dim-0 has-background-dim\" style=\"background-color:#8e98b9\"><\/span><div class=\"wp-block-cover__inner-container is-layout-flow wp-block-cover-is-layout-flow\">\n<p class=\"has-text-align-center has-large-font-size\"><\/p>\n<\/div><\/div>\n<\/div>\n<\/div>\n<\/div>\n\n\n\n<div style=\"height:50px\" aria-hidden=\"true\" class=\"wp-block-spacer\"><\/div>\n\n\n\n<div class=\"wp-block-columns alignfull is-layout-flex wp-container-core-columns-is-layout-d2ca7aa4 wp-block-columns-is-layout-flex\">\n<div class=\"wp-block-column is-layout-flow wp-block-column-is-layout-flow\">\n<div class=\"wp-block-cover aligncenter is-light\" style=\"min-height:100%;aspect-ratio:unset;\"><img loading=\"lazy\" decoding=\"async\" width=\"1024\" height=\"683\" class=\"wp-block-cover__image-background wp-image-243 size-large\" alt=\"\" src=\"https:\/\/cirugiafutura.net\/wp-content\/uploads\/2026\/03\/CD_Derivacion_duodenal-1024x683.png\" data-object-fit=\"cover\" srcset=\"https:\/\/cirugiafutura.net\/wp-content\/uploads\/2026\/03\/CD_Derivacion_duodenal-1024x683.png 1024w, https:\/\/cirugiafutura.net\/wp-content\/uploads\/2026\/03\/CD_Derivacion_duodenal-300x200.png 300w, https:\/\/cirugiafutura.net\/wp-content\/uploads\/2026\/03\/CD_Derivacion_duodenal-768x512.png 768w, https:\/\/cirugiafutura.net\/wp-content\/uploads\/2026\/03\/CD_Derivacion_duodenal.png 1536w\" sizes=\"auto, (max-width: 1024px) 100vw, 1024px\" \/><span aria-hidden=\"true\" class=\"wp-block-cover__background has-background-dim-0 has-background-dim\" style=\"background-color:#919dbb\"><\/span><div class=\"wp-block-cover__inner-container is-layout-flow wp-block-cover-is-layout-flow\">\n<p class=\"has-text-align-center has-large-font-size\"><\/p>\n<\/div><\/div>\n<\/div>\n\n\n\n<div class=\"wp-block-column is-vertically-aligned-center is-layout-constrained wp-container-core-column-is-layout-186d3446 wp-block-column-is-layout-constrained\">\n<div style=\"height:100px\" aria-hidden=\"true\" class=\"wp-block-spacer\"><\/div>\n\n\n\n<h3 class=\"wp-block-heading has-primary-color has-text-color has-large-font-size\">Cirug\u00eda Metab\u00f3lica<\/h3>\n\n\n\n<p style=\"line-height:2\">Enfocada en mejorar o revertir diabetes tipo 2 y trastornos metab\u00f3licos mediante intervenci\u00f3n quir\u00fargica.<\/p>\n\n\n\n<div style=\"height:20px\" aria-hidden=\"true\" class=\"wp-block-spacer\"><\/div>\n\n\n\n<div class=\"wp-block-buttons is-layout-flex wp-block-buttons-is-layout-flex\">\n<div class=\"wp-block-button\"><a class=\"wp-block-button__link wp-element-button\" href=\"https:\/\/api.whatsapp.com\/send?phone=593999063560&amp;text=Dr.%20Ren%C3%A9%20Mendoza%20Merch%C3%A1n.%20Visit%C3%A9%20su%20Web%20Site.%20Quisiera%20cotizar%20una%cirug\u00eda%20metabolica\" style=\"padding-top:var(--wp--preset--spacing--20);padding-right:var(--wp--preset--spacing--40);padding-bottom:var(--wp--preset--spacing--20);padding-left:var(--wp--preset--spacing--40)\"><strong>Cotizar<\/strong><\/a><\/div>\n<\/div>\n\n\n\n<div style=\"height:100px\" aria-hidden=\"true\" class=\"wp-block-spacer\"><\/div>\n<\/div>\n<\/div>\n\n\n\n<div class=\"wp-block-columns alignfull is-layout-flex wp-container-core-columns-is-layout-d2ca7aa4 wp-block-columns-is-layout-flex\">\n<div class=\"wp-block-column is-vertically-aligned-center is-layout-constrained wp-container-core-column-is-layout-186d3446 wp-block-column-is-layout-constrained\">\n<div style=\"height:100px\" aria-hidden=\"true\" class=\"wp-block-spacer\"><\/div>\n\n\n\n<h3 class=\"wp-block-heading has-primary-color has-text-color has-large-font-size\">Cirug\u00eda de reflujo gastroesof\u00e1gico<\/h3>\n\n\n\n<p style=\"line-height:2\">Corrige el reflujo severo que no responde a medicamentos y mejora la calidad de vida.<\/p>\n\n\n\n<div style=\"height:20px\" aria-hidden=\"true\" class=\"wp-block-spacer\"><\/div>\n\n\n\n<div class=\"wp-block-buttons is-layout-flex wp-block-buttons-is-layout-flex\">\n<div class=\"wp-block-button\"><a class=\"wp-block-button__link wp-element-button\" href=\"https:\/\/api.whatsapp.com\/send?phone=593999063560&amp;text=Dr.%20Ren%C3%A9%20Mendoza%20Merch%C3%A1n.%20Visit%C3%A9%20su%20Web%20Site.%20Quisiera%20cotizar%20una%cirugia%20de%20reflujo\" style=\"padding-top:var(--wp--preset--spacing--20);padding-right:var(--wp--preset--spacing--40);padding-bottom:var(--wp--preset--spacing--20);padding-left:var(--wp--preset--spacing--40)\"><strong>Cotizar<\/strong><\/a><\/div>\n<\/div>\n\n\n\n<div style=\"height:100px\" aria-hidden=\"true\" class=\"wp-block-spacer\"><\/div>\n<\/div>\n\n\n\n<div class=\"wp-block-column is-layout-flow wp-block-column-is-layout-flow\">\n<div class=\"wp-block-cover aligncenter is-light\" style=\"min-height:100%;aspect-ratio:unset;\"><img loading=\"lazy\" decoding=\"async\" width=\"1024\" height=\"683\" class=\"wp-block-cover__image-background wp-image-244 size-large\" alt=\"\" src=\"https:\/\/cirugiafutura.net\/wp-content\/uploads\/2026\/03\/CD_reflujo_gastroesofagico-1024x683.png\" data-object-fit=\"cover\" srcset=\"https:\/\/cirugiafutura.net\/wp-content\/uploads\/2026\/03\/CD_reflujo_gastroesofagico-1024x683.png 1024w, https:\/\/cirugiafutura.net\/wp-content\/uploads\/2026\/03\/CD_reflujo_gastroesofagico-300x200.png 300w, https:\/\/cirugiafutura.net\/wp-content\/uploads\/2026\/03\/CD_reflujo_gastroesofagico-768x512.png 768w, https:\/\/cirugiafutura.net\/wp-content\/uploads\/2026\/03\/CD_reflujo_gastroesofagico.png 1536w\" sizes=\"auto, (max-width: 1024px) 100vw, 1024px\" \/><span aria-hidden=\"true\" class=\"wp-block-cover__background has-background-dim-0 has-background-dim\" style=\"background-color:#949bb8\"><\/span><div class=\"wp-block-cover__inner-container is-layout-flow wp-block-cover-is-layout-flow\">\n<p class=\"has-text-align-center has-large-font-size\"><\/p>\n<\/div><\/div>\n<\/div>\n<\/div>\n\n\n\n<div style=\"height:60px\" aria-hidden=\"true\" class=\"wp-block-spacer\"><\/div>\n\n\n\n<div class=\"wp-block-columns has-2-columns is-layout-flex wp-container-core-columns-is-layout-28f84493 wp-block-columns-is-layout-flex\">\n<div class=\"wp-block-column animate-fade-right is-layout-constrained wp-block-column-is-layout-constrained\" style=\"flex-basis:34%\">\n<div class=\"wp-block-cover is-light\"><span aria-hidden=\"true\" class=\"wp-block-cover__background has-background-dim-100 has-background-dim\" style=\"background-color:#f0f0f0\"><\/span><div class=\"wp-block-cover__inner-container is-layout-flow wp-block-cover-is-layout-flow\">\n<div class=\"wp-block-group is-layout-flow wp-container-core-group-is-layout-47e5a185 wp-block-group-is-layout-flow\">\n<figure class=\"wp-block-image size-large is-resized\"><img loading=\"lazy\" decoding=\"async\" width=\"1024\" height=\"575\" src=\"https:\/\/cirugiafutura.net\/wp-content\/uploads\/2026\/03\/Operando-1024x575.png\" alt=\"\" class=\"wp-image-131\" srcset=\"https:\/\/cirugiafutura.net\/wp-content\/uploads\/2026\/03\/Operando-1024x575.png 1024w, https:\/\/cirugiafutura.net\/wp-content\/uploads\/2026\/03\/Operando-300x168.png 300w, https:\/\/cirugiafutura.net\/wp-content\/uploads\/2026\/03\/Operando-768x431.png 768w, https:\/\/cirugiafutura.net\/wp-content\/uploads\/2026\/03\/Operando.png 1536w\" sizes=\"auto, (max-width: 1024px) 100vw, 1024px\" \/><\/figure>\n\n\n\n<p class=\"has-text-align-center has-very-dark-gray-color has-text-color\">Consulta donde opera el DR. Rene Mendoza Merch\u00e1n.<\/p>\n<\/div>\n<\/div><\/div>\n<\/div>\n\n\n\n<div class=\"wp-block-column animate-fade-left is-layout-constrained wp-block-column-is-layout-constrained\" style=\"flex-basis:66%\">\n<div class=\"wp-block-cover\" style=\"min-height:100%;aspect-ratio:unset;\"><img loading=\"lazy\" decoding=\"async\" width=\"1024\" height=\"469\" class=\"wp-block-cover__image-background wp-image-133 size-large\" alt=\"\" src=\"https:\/\/cirugiafutura.net\/wp-content\/uploads\/2026\/03\/clinicas-1024x469.png\" data-object-fit=\"cover\" srcset=\"https:\/\/cirugiafutura.net\/wp-content\/uploads\/2026\/03\/clinicas-1024x469.png 1024w, https:\/\/cirugiafutura.net\/wp-content\/uploads\/2026\/03\/clinicas-300x137.png 300w, https:\/\/cirugiafutura.net\/wp-content\/uploads\/2026\/03\/clinicas-768x352.png 768w, https:\/\/cirugiafutura.net\/wp-content\/uploads\/2026\/03\/clinicas.png 1536w\" sizes=\"auto, (max-width: 1024px) 100vw, 1024px\" \/><span aria-hidden=\"true\" class=\"wp-block-cover__background has-primary-background-color has-background-dim-80 has-background-dim\"><\/span><div class=\"wp-block-cover__inner-container is-layout-flow wp-block-cover-is-layout-flow\">\n<div class=\"wp-block-group is-layout-flow wp-block-group-is-layout-flow\">\n<p class=\"has-text-align-center has-base-color has-text-color\" style=\"font-size:clamp(28.836px, 1.802rem + ((1vw - 3.2px) * 1.43), 50px);px;font-style:normal;font-weight:700;line-height:1.2\">PREGUNTE POR NUESTROS PLANES EN LAS MEJORES CL\u00cdNICAS DE LA CIUDAD<\/p>\n\n\n\n<p class=\"has-text-align-center has-base-color has-text-color\" style=\"font-size:clamp(14px, 0.875rem + ((1vw - 3.2px) * 0.27), 18px);px\">Y CONSULTE SI APLICA CON SU SEGURO PRIVADO.<\/p>\n<\/div>\n<\/div><\/div>\n<\/div>\n<\/div>\n\n\n\n<div style=\"height:100px\" aria-hidden=\"true\" class=\"wp-block-spacer\"><\/div>\n\n\n\n<div class=\"wp-block-cover alignfull\" style=\"padding-top:var(--wp--preset--spacing--80);padding-right:var(--wp--preset--spacing--80);padding-bottom:0px;padding-left:var(--wp--preset--spacing--80)\"><img loading=\"lazy\" decoding=\"async\" width=\"1024\" height=\"575\" class=\"wp-block-cover__image-background wp-image-131 size-large\" alt=\"\" src=\"https:\/\/cirugiafutura.net\/wp-content\/uploads\/2026\/03\/Operando-1024x575.png\" data-object-fit=\"cover\" srcset=\"https:\/\/cirugiafutura.net\/wp-content\/uploads\/2026\/03\/Operando-1024x575.png 1024w, https:\/\/cirugiafutura.net\/wp-content\/uploads\/2026\/03\/Operando-300x168.png 300w, https:\/\/cirugiafutura.net\/wp-content\/uploads\/2026\/03\/Operando-768x431.png 768w, https:\/\/cirugiafutura.net\/wp-content\/uploads\/2026\/03\/Operando.png 1536w\" sizes=\"auto, (max-width: 1024px) 100vw, 1024px\" \/><span aria-hidden=\"true\" class=\"wp-block-cover__background has-primary-background-color has-background-dim-80 has-background-dim\"><\/span><div class=\"wp-block-cover__inner-container is-layout-flow wp-block-cover-is-layout-flow\">\n<div class=\"wp-block-group is-layout-constrained wp-block-group-is-layout-constrained\">\n<div class=\"wp-block-media-text alignwide has-media-on-the-right is-stacked-on-mobile\"><div class=\"wp-block-media-text__content\">\n<p class=\"has-x-large-font-size\" style=\"font-style:normal;font-weight:700\">\u00abCuando la salud metab\u00f3lica se ve comprometida, la cirug\u00eda puede ser una herramienta poderosa para mejorar calidad de vida y prevenir enfermedades mayores. Cada caso debe evaluarse con responsabilidad y criterio m\u00e9dico!\u00bb<\/p>\n\n\n\n<div style=\"height:50px\" aria-hidden=\"true\" class=\"wp-block-spacer\"><\/div>\n\n\n\n<p>DR. Rene Mendoza Merch\u00e1n <br>CIRUJANO<\/p>\n<\/div><figure class=\"wp-block-media-text__media\"><img loading=\"lazy\" decoding=\"async\" width=\"692\" height=\"1024\" src=\"https:\/\/cirugiafutura.net\/wp-content\/uploads\/2026\/03\/RENE-CIRUJANO-1-692x1024.png\" alt=\"\" class=\"wp-image-124 size-full\" srcset=\"https:\/\/cirugiafutura.net\/wp-content\/uploads\/2026\/03\/RENE-CIRUJANO-1-692x1024.png 692w, https:\/\/cirugiafutura.net\/wp-content\/uploads\/2026\/03\/RENE-CIRUJANO-1-203x300.png 203w, https:\/\/cirugiafutura.net\/wp-content\/uploads\/2026\/03\/RENE-CIRUJANO-1-768x1137.png 768w, https:\/\/cirugiafutura.net\/wp-content\/uploads\/2026\/03\/RENE-CIRUJANO-1.png 1024w\" sizes=\"auto, (max-width: 692px) 100vw, 692px\" \/><\/figure><\/div>\n\n\n<\/div>\n<\/div><\/div>\n\n\n\n<div style=\"height:150px\" aria-hidden=\"true\" class=\"wp-block-spacer\"><\/div>\n\n\n\n<p><\/p>\n","protected":false},"excerpt":{"rendered":"<p>CIRUG\u00cdA DIGESTIVA Y METAB\u00d3LICA Procedimientos enfocados en enfermedades asociadas al metabolismo y trastornos digestivos complejos.Con nosotros el paciente mejora su salud integral, controla enfermedades cr\u00f3nicas y previene complicaciones futuras. Manga G\u00e1strica Reduce el tama\u00f1o del est\u00f3mago para lograr p\u00e9rdida de peso significativa. Ayuda a controlar hipertensi\u00f3n, diabetes y apnea del sue\u00f1o. Cirug\u00eda Bariatrica Conjunto de [&hellip;]<\/p>\n","protected":false},"author":1,"featured_media":0,"parent":34,"menu_order":0,"comment_status":"closed","ping_status":"closed","template":"","meta":{"footnotes":""},"class_list":["post-36","page","type-page","status-publish","hentry"],"_links":{"self":[{"href":"https:\/\/cirugiafutura.net\/index.php\/wp-json\/wp\/v2\/pages\/36","targetHints":{"allow":["GET"]}}],"collection":[{"href":"https:\/\/cirugiafutura.net\/index.php\/wp-json\/wp\/v2\/pages"}],"about":[{"href":"https:\/\/cirugiafutura.net\/index.php\/wp-json\/wp\/v2\/types\/page"}],"author":[{"embeddable":true,"href":"https:\/\/cirugiafutura.net\/index.php\/wp-json\/wp\/v2\/users\/1"}],"replies":[{"embeddable":true,"href":"https:\/\/cirugiafutura.net\/index.php\/wp-json\/wp\/v2\/comments?post=36"}],"version-history":[{"count":10,"href":"https:\/\/cirugiafutura.net\/index.php\/wp-json\/wp\/v2\/pages\/36\/revisions"}],"predecessor-version":[{"id":245,"href":"https:\/\/cirugiafutura.net\/index.php\/wp-json\/wp\/v2\/pages\/36\/revisions\/245"}],"up":[{"embeddable":true,"href":"https:\/\/cirugiafutura.net\/index.php\/wp-json\/wp\/v2\/pages\/34"}],"wp:attachment":[{"href":"https:\/\/cirugiafutura.net\/index.php\/wp-json\/wp\/v2\/media?parent=36"}],"curies":[{"name":"wp","href":"https:\/\/api.w.org\/{rel}","templated":true}]}}