{"id":34,"date":"2026-03-02T18:28:53","date_gmt":"2026-03-02T18:28:53","guid":{"rendered":"https:\/\/cirugiafutura.net\/index.php\/servicios\/"},"modified":"2026-03-04T16:43:06","modified_gmt":"2026-03-04T16:43:06","slug":"servicios","status":"publish","type":"page","link":"https:\/\/cirugiafutura.net\/index.php\/servicios\/","title":{"rendered":"Cirug\u00edas"},"content":{"rendered":"\n<hr class=\"wp-block-separator has-text-color has-tertiary-color has-alpha-channel-opacity has-tertiary-background-color has-background is-style-yith-wonder-dashed-wide-separator\"\/>\n\n\n\n<div class=\"wp-block-group alignfull has-orchid-4-gradient-background has-background is-layout-constrained wp-container-core-group-is-layout-be4fec0b wp-block-group-is-layout-constrained\" style=\"padding-top:5.06rem;padding-bottom:0\">\n<div class=\"wp-block-columns is-layout-flex wp-container-core-columns-is-layout-abc0c572 wp-block-columns-is-layout-flex\">\n<div class=\"wp-block-column is-layout-flow wp-block-column-is-layout-flow\">\n<div class=\"wp-block-group is-style-yith-wonder-group-with-shadow has-base-background-color has-background is-layout-constrained wp-container-core-group-is-layout-37b3233d wp-block-group-is-layout-constrained\" style=\"border-style:none;border-width:0px;border-radius:30px;padding-top:var(--wp--preset--spacing--70);padding-bottom:var(--wp--preset--spacing--70)\">\n<p class=\"has-text-align-center has-primary-color has-text-color has-link-color has-medium-font-size wp-elements-71ce0e33a140d1a96f72d18ac7a85e9d\"><strong>DR. RENE MENDOZA MERCH\u00c1N<\/strong><\/p>\n\n\n\n<p class=\"has-text-align-center\"><strong>M\u00e9dico Cirujano<\/strong><\/p>\n\n\n\n<figure class=\"wp-block-image aligncenter size-medium is-resized has-custom-border is-style-rounded\"><img loading=\"lazy\" decoding=\"async\" width=\"300\" height=\"300\" src=\"https:\/\/cirugiafutura.net\/wp-content\/uploads\/2026\/03\/Dr-Rene-Mendoza-consulta-300x300.png\" alt=\"\" class=\"has-border-color has-secondary-border-color wp-image-43\" style=\"border-width:5px;object-fit:cover;width:200px;height:200px\" srcset=\"https:\/\/cirugiafutura.net\/wp-content\/uploads\/2026\/03\/Dr-Rene-Mendoza-consulta-300x300.png 300w, https:\/\/cirugiafutura.net\/wp-content\/uploads\/2026\/03\/Dr-Rene-Mendoza-consulta-150x150.png 150w, https:\/\/cirugiafutura.net\/wp-content\/uploads\/2026\/03\/Dr-Rene-Mendoza-consulta.png 500w\" sizes=\"auto, (max-width: 300px) 100vw, 300px\" \/><\/figure>\n\n\n\n<div style=\"height:100px\" aria-hidden=\"true\" class=\"wp-block-spacer\"><\/div>\n\n\n\n<h3 class=\"wp-block-heading has-text-align-center\"><strong>Cirug\u00edas Especializadas para tu Bienestar<\/strong><\/h3>\n\n\n\n<div style=\"height:25px\" aria-hidden=\"true\" class=\"wp-block-spacer\"><\/div>\n\n\n\n<p>En esta secci\u00f3n encontrar\u00e1s las diferentes categor\u00edas de cirug\u00edas que realizamos, desde procedimientos digestivos y de ves\u00edcula hasta cirug\u00eda abdominal avanzada, hernias y atenci\u00f3n de trauma y emergencias.<\/p>\n\n\n\n<p>Nuestro objetivo es brindarte soluciones quir\u00fargicas seguras, modernas y con el respaldo de la experiencia m\u00e9dica.<\/p>\n\n\n\n<p class=\"has-text-align-left\"><a href=\"https:\/\/cirugiafutura.net\/index.php\/servicios\/cirugia-general\/\" data-type=\"page\" data-id=\"37\">Cirug\u00eda de Ves\u00edcula y V\u00edas Biliares<\/a><\/p>\n\n\n\n<p><a href=\"https:\/\/cirugiafutura.net\/index.php\/servicios\/cirugia-de-hernias\/\" data-type=\"page\" data-id=\"165\">Cirug\u00eda de Hernias<\/a><\/p>\n\n\n\n<p><a href=\"https:\/\/cirugiafutura.net\/index.php\/servicios\/cirugia-digestiva\/\" data-type=\"page\" data-id=\"36\">Cirug\u00eda Digestiva<\/a><\/p>\n\n\n\n<p><a href=\"https:\/\/cirugiafutura.net\/index.php\/servicios\/cirugia-abdominal-avanzada\/\" data-type=\"page\" data-id=\"188\">Cirug\u00eda Abdominal Avanzada<\/a><\/p>\n\n\n\n<p><a href=\"https:\/\/cirugiafutura.net\/index.php\/servicios\/cirugia-de-trauma-y-emergencia\/\" data-type=\"page\" data-id=\"191\">Trauma y Emergencias<\/a><\/p>\n<\/div>\n<\/div>\n<\/div>\n\n\n\n<div style=\"height:100px\" aria-hidden=\"true\" class=\"wp-block-spacer\"><\/div>\n<\/div>\n","protected":false},"excerpt":{"rendered":"<p>DR. RENE MENDOZA MERCH\u00c1N M\u00e9dico Cirujano Cirug\u00edas Especializadas para tu Bienestar En esta secci\u00f3n encontrar\u00e1s las diferentes categor\u00edas de cirug\u00edas que realizamos, desde procedimientos digestivos y de ves\u00edcula hasta cirug\u00eda abdominal avanzada, hernias y atenci\u00f3n de trauma y emergencias. Nuestro objetivo es brindarte soluciones quir\u00fargicas seguras, modernas y con el respaldo de la experiencia m\u00e9dica. [&hellip;]<\/p>\n","protected":false},"author":1,"featured_media":0,"parent":0,"menu_order":0,"comment_status":"closed","ping_status":"closed","template":"","meta":{"footnotes":""},"class_list":["post-34","page","type-page","status-publish","hentry"],"_links":{"self":[{"href":"https:\/\/cirugiafutura.net\/index.php\/wp-json\/wp\/v2\/pages\/34","targetHints":{"allow":["GET"]}}],"collection":[{"href":"https:\/\/cirugiafutura.net\/index.php\/wp-json\/wp\/v2\/pages"}],"about":[{"href":"https:\/\/cirugiafutura.net\/index.php\/wp-json\/wp\/v2\/types\/page"}],"author":[{"embeddable":true,"href":"https:\/\/cirugiafutura.net\/index.php\/wp-json\/wp\/v2\/users\/1"}],"replies":[{"embeddable":true,"href":"https:\/\/cirugiafutura.net\/index.php\/wp-json\/wp\/v2\/comments?post=34"}],"version-history":[{"count":6,"href":"https:\/\/cirugiafutura.net\/index.php\/wp-json\/wp\/v2\/pages\/34\/revisions"}],"predecessor-version":[{"id":251,"href":"https:\/\/cirugiafutura.net\/index.php\/wp-json\/wp\/v2\/pages\/34\/revisions\/251"}],"wp:attachment":[{"href":"https:\/\/cirugiafutura.net\/index.php\/wp-json\/wp\/v2\/media?parent=34"}],"curies":[{"name":"wp","href":"https:\/\/api.w.org\/{rel}","templated":true}]}}