{"id":262,"date":"2026-03-04T17:18:24","date_gmt":"2026-03-04T17:18:24","guid":{"rendered":"https:\/\/cirugiafutura.net\/?page_id=262"},"modified":"2026-03-04T17:18:24","modified_gmt":"2026-03-04T17:18:24","slug":"mapa-del-sitio","status":"publish","type":"page","link":"https:\/\/cirugiafutura.net\/index.php\/mapa-del-sitio\/","title":{"rendered":"Mapa del Sitio"},"content":{"rendered":"\n<hr class=\"wp-block-separator has-text-color has-tertiary-color has-alpha-channel-opacity has-tertiary-background-color has-background is-style-yith-wonder-dashed-wide-separator\"\/>\n\n\n\n<div style=\"height:50px\" aria-hidden=\"true\" class=\"wp-block-spacer\"><\/div>\n\n\n\n<h2 class=\"wp-block-heading has-text-align-left\"><a href=\"http:\/\/www.cirugiafutura.net\">Inicio<\/a><\/h2>\n\n\n\n<h3 class=\"wp-block-heading\"><a href=\"https:\/\/cirugiafutura.net\/index.php\/dr-rene-mendoza\/\" data-type=\"page\" data-id=\"56\">Dr. Ren\u00e9 Mendoza<\/a><\/h3>\n\n\n\n<ul class=\"wp-block-list\">\n<li>Perfil profesional<\/li>\n\n\n\n<li>Experiencia<\/li>\n\n\n\n<li>Especialidades<\/li>\n<\/ul>\n\n\n\n<h3 class=\"wp-block-heading\"><a href=\"https:\/\/cirugiafutura.net\/index.php\/servicios\/\" data-type=\"page\" data-id=\"34\">Cirug\u00edas<\/a><\/h3>\n\n\n\n<ul class=\"wp-block-list\">\n<li>Cirug\u00eda de Ves\u00edcula<\/li>\n\n\n\n<li>Cirug\u00eda de Hernias<\/li>\n\n\n\n<li>Cirug\u00eda Abdominal Avanzada<\/li>\n\n\n\n<li>Cirug\u00eda Digestiva y Metab\u00f3lica<\/li>\n\n\n\n<li>Cirug\u00eda de Trauma y Emergencia<\/li>\n<\/ul>\n\n\n\n<h3 class=\"wp-block-heading\"><a href=\"https:\/\/api.whatsapp.com\/send?phone=593999063560&amp;text=Dr.%20Ren%C3%A9%20Mendoza%20Merch%C3%A1n.%20Visit%C3%A9%20su%20Web%20Site.%20Quisiera%20una%20teleconsulta\">Teleconsulta<\/a><\/h3>\n\n\n\n<h3 class=\"wp-block-heading\"><a href=\"https:\/\/cirugiafutura.net\/index.php\/contactos\/\" data-type=\"page\" data-id=\"57\">Contactos<\/a><\/h3>\n\n\n\n<h3 class=\"wp-block-heading\"><a href=\"https:\/\/cirugiafutura.net\/index.php\/preguntas-frecuentes\/\" data-type=\"link\" data-id=\"https:\/\/cirugiafutura.net\/index.php\/preguntas-frecuentes\/\">Preguntas Frecuentes (FAQ)<\/a><\/h3>\n\n\n\n<h2 class=\"wp-block-heading has-text-align-left\"><a href=\"https:\/\/cirugiafutura.net\/index.php\/privacy-policy\/\" data-type=\"page\" data-id=\"3\">Pol\u00edtica de Privacidad<\/a><\/h2>\n\n\n\n<div style=\"height:100px\" aria-hidden=\"true\" class=\"wp-block-spacer\"><\/div>\n\n\n\n<div class=\"wp-block-columns are-vertically-aligned-center is-layout-flex wp-container-core-columns-is-layout-41ef3028 wp-block-columns-is-layout-flex\">\n<div class=\"wp-block-column is-vertically-aligned-center is-layout-flow wp-block-column-is-layout-flow\" style=\"flex-basis:40%\">\n<h2 class=\"wp-block-heading has-x-large-font-size\">Cont\u00e1cteme!<\/h2>\n\n\n\n<div class=\"wp-block-group is-vertical is-layout-flex wp-container-core-group-is-layout-a9e57549 wp-block-group-is-layout-flex\">\n<p class=\"has-tertiary-color has-text-color\" style=\"font-style:normal;font-weight:600;text-transform:uppercase\">POR EMAIL<\/p>\n\n\n\n<div class=\"wp-block-buttons is-layout-flex wp-block-buttons-is-layout-flex\">\n<div class=\"wp-block-button is-style-fill\"><a class=\"wp-block-button__link wp-element-button\" href=\"mailto:remendoza77@yahoo.com\" style=\"border-radius:100px;padding-top:1rem;padding-right:var(--wp--preset--spacing--70);padding-bottom:1rem;padding-left:var(--wp--preset--spacing--70)\">remendoza77@yahoo.com<\/a><\/div>\n<\/div>\n<\/div>\n\n\n\n<div class=\"wp-block-group is-vertical is-content-justification-stretch is-layout-flex wp-container-core-group-is-layout-630f3200 wp-block-group-is-layout-flex\">\n<div style=\"height:0px\" aria-hidden=\"true\" class=\"wp-block-spacer wp-container-content-6388d5dc\"><\/div>\n\n\n\n<div class=\"wp-block-columns is-layout-flex wp-container-core-columns-is-layout-82dfce31 wp-block-columns-is-layout-flex\">\n<div class=\"wp-block-column is-layout-flow wp-block-column-is-layout-flow\" style=\"border-right-color:var(--wp--preset--color--tertiary);border-right-width:1px;padding-top:var(--wp--preset--spacing--50);padding-right:1.5rem;padding-bottom:var(--wp--preset--spacing--50);padding-left:1.5rem\">\n<p class=\"has-tertiary-color has-text-color\" style=\"font-style:normal;font-weight:600\">U.S.<\/p>\n\n\n\n<p class=\"has-small-font-size\">9101 International &#8211; Orlando &#8211; Florida &#8211; 32819 (407) 370-4392<\/p>\n<\/div>\n\n\n\n<div class=\"wp-block-column is-layout-flow wp-block-column-is-layout-flow\" style=\"padding-top:1.5rem;padding-right:var(--wp--preset--spacing--20);padding-bottom:1.5rem;padding-left:var(--wp--preset--spacing--20)\">\n<p class=\"has-tertiary-color has-text-color\" style=\"font-style:normal;font-weight:600\">Finland<\/p>\n\n\n\n<p class=\"has-small-font-size\">Aattokatu 16 104 &#8211; Nadjaharju &#8211; Uusimaa &#8211; 18374<\/p>\n<\/div>\n<\/div>\n\n\n\n<div class=\"wp-block-columns is-layout-flex wp-container-core-columns-is-layout-c62bd0ed wp-block-columns-is-layout-flex\" style=\"margin-top:var(--wp--preset--spacing--40);margin-bottom:0\">\n<div class=\"wp-block-column is-layout-flow wp-block-column-is-layout-flow\" style=\"border-top-color:var(--wp--preset--color--tertiary);border-top-width:1px;padding-top:var(--wp--preset--spacing--30);padding-right:var(--wp--preset--spacing--30);padding-bottom:var(--wp--preset--spacing--30);padding-left:var(--wp--preset--spacing--30)\"><\/div>\n\n\n\n<div class=\"wp-block-column is-layout-flow wp-block-column-is-layout-flow\" style=\"border-top-color:var(--wp--preset--color--tertiary);border-top-width:1px;padding-top:var(--wp--preset--spacing--30);padding-right:var(--wp--preset--spacing--40);padding-bottom:var(--wp--preset--spacing--30);padding-left:var(--wp--preset--spacing--40)\"><\/div>\n<\/div>\n\n\n\n<div class=\"wp-block-columns is-layout-flex wp-container-core-columns-is-layout-82dfce31 wp-block-columns-is-layout-flex\">\n<div class=\"wp-block-column is-layout-flow wp-block-column-is-layout-flow\" style=\"border-right-color:var(--wp--preset--color--tertiary);border-right-width:1px;padding-top:var(--wp--preset--spacing--50);padding-right:1.5rem;padding-bottom:var(--wp--preset--spacing--50);padding-left:1.5rem\">\n<p class=\"has-tertiary-color has-text-color\" style=\"font-style:normal;font-weight:600\">Italy<\/p>\n\n\n\n<p class=\"has-small-font-size\">9101 International &#8211; Orlando &#8211; Florida &#8211; 32819 (407) 370-4392<\/p>\n<\/div>\n\n\n\n<div class=\"wp-block-column is-layout-flow wp-block-column-is-layout-flow\" style=\"padding-top:1.5rem;padding-right:var(--wp--preset--spacing--20);padding-bottom:1.5rem;padding-left:var(--wp--preset--spacing--20)\">\n<p class=\"has-tertiary-color has-text-color\" style=\"font-style:normal;font-weight:600\">Japan<\/p>\n\n\n\n<p class=\"has-small-font-size\">Aattokatu 16 104 &#8211; Nadjaharju &#8211; Uusimaa &#8211; 18374<\/p>\n<\/div>\n<\/div>\n<\/div>\n<\/div>\n\n\n\n<div class=\"wp-block-column is-vertically-aligned-center is-layout-flow wp-block-column-is-layout-flow\" style=\"flex-basis:60%\">\n<div class=\"wp-block-cover is-light is-style-yith-wonder-cover-unscaled-background\"><img decoding=\"async\" class=\"wp-block-cover__image-background\" alt=\"\" src=\"https:\/\/cirugiafutura.net\/wp-content\/themes\/yith-wonder\/assets\/images\/demo-content\/orchid\/circle-gradient.png\" style=\"object-position:50% 50%\" data-object-fit=\"cover\" data-object-position=\"50% 50%\"\/><span aria-hidden=\"true\" class=\"wp-block-cover__background has-background-dim-0 has-background-dim\"><\/span><div class=\"wp-block-cover__inner-container is-layout-constrained wp-block-cover-is-layout-constrained\">\n<figure class=\"wp-block-image aligncenter size-full\"><img decoding=\"async\" src=\"https:\/\/cirugiafutura.net\/wp-content\/themes\/yith-wonder\/assets\/images\/demo-content\/orchid\/yellow-phone.png\" alt=\"\"\/><\/figure>\n<\/div><\/div>\n<\/div>\n<\/div>\n","protected":false},"excerpt":{"rendered":"<p>Inicio Dr. Ren\u00e9 Mendoza Cirug\u00edas Teleconsulta Contactos Preguntas Frecuentes (FAQ) Pol\u00edtica de Privacidad Cont\u00e1cteme! POR EMAIL U.S. 9101 International &#8211; Orlando &#8211; Florida &#8211; 32819 (407) 370-4392 Finland Aattokatu 16 104 &#8211; Nadjaharju &#8211; Uusimaa &#8211; 18374 Italy 9101 International &#8211; Orlando &#8211; Florida &#8211; 32819 (407) 370-4392 Japan Aattokatu 16 104 &#8211; Nadjaharju &#8211; [&hellip;]<\/p>\n","protected":false},"author":1,"featured_media":0,"parent":0,"menu_order":0,"comment_status":"closed","ping_status":"closed","template":"","meta":{"footnotes":""},"class_list":["post-262","page","type-page","status-publish","hentry"],"_links":{"self":[{"href":"https:\/\/cirugiafutura.net\/index.php\/wp-json\/wp\/v2\/pages\/262","targetHints":{"allow":["GET"]}}],"collection":[{"href":"https:\/\/cirugiafutura.net\/index.php\/wp-json\/wp\/v2\/pages"}],"about":[{"href":"https:\/\/cirugiafutura.net\/index.php\/wp-json\/wp\/v2\/types\/page"}],"author":[{"embeddable":true,"href":"https:\/\/cirugiafutura.net\/index.php\/wp-json\/wp\/v2\/users\/1"}],"replies":[{"embeddable":true,"href":"https:\/\/cirugiafutura.net\/index.php\/wp-json\/wp\/v2\/comments?post=262"}],"version-history":[{"count":1,"href":"https:\/\/cirugiafutura.net\/index.php\/wp-json\/wp\/v2\/pages\/262\/revisions"}],"predecessor-version":[{"id":264,"href":"https:\/\/cirugiafutura.net\/index.php\/wp-json\/wp\/v2\/pages\/262\/revisions\/264"}],"wp:attachment":[{"href":"https:\/\/cirugiafutura.net\/index.php\/wp-json\/wp\/v2\/media?parent=262"}],"curies":[{"name":"wp","href":"https:\/\/api.w.org\/{rel}","templated":true}]}}